{"id":267,"date":"2020-09-06T16:05:50","date_gmt":"2020-09-06T16:05:50","guid":{"rendered":"https:\/\/jfhenri.wpengine.com\/artiste\/"},"modified":"2020-10-05T14:21:12","modified_gmt":"2020-10-05T18:21:12","slug":"artist","status":"publish","type":"page","link":"https:\/\/jeanfrancoishenri.com\/en\/artist\/","title":{"rendered":"Artist"},"content":{"rendered":"\n<h2 class=\"wp-block-heading\">BIOGRAPHY<\/h2>\n\n\n\n<p>Inspired by the arts in all forms, Jean-Fran\u00e7ois Henri, bachelor of arts, is a multidisciplinary artist specializing in graphic design and visual arts. Originally from a small village in the heart of Lanaudi\u00e8re, he decided to settle in the Outaouais. There he began his studies in advertising and visual arts at the Universit\u00e9 du Qu\u00e9bec en Outaouais (UQO).<\/p>\n\n\n\n<p>Ranging from live painting for various events, including the Mosa\u00efcultures de Gatineau and the Festival des Montgolfi\u00e8res, to introducing the art of graffiti to youth, Mr. Henri is deeply involved in the cultural life of his region. In this regard he has been teaching graphic arts at UQO for a few years now, and he also serves as a partner and artistic director at Pixel \u2013 a creative firm in the Outaouais. Using both innovative and conventional technologies, Jean-Fran\u00e7ois draws on his wealth of experience and expertise when creating his works.<\/p>\n\n\n\n<p>\u201cIt&#8217;s not who you are that holds you back, it&#8217;s who you think you&#8217;re not.\u201d<br>&#8211; Jean-Michel Basquiat<\/p>\n\n\n\n<h2 class=\"wp-block-heading\">CREATIVE PROCESS<\/h2>\n\n\n\n<p>The artist presents a series of canvases that oscillate between abstract art and street art. Flaws are his preferred motif, as he strongly believes they\u2019re necessary to achieve certain visual effects. He seeks the unexpected images that appear through the meandering experimentation of the creative process: working with layers, spots, stains, spurts, and variations of materials.<\/p>\n\n\n\n<p>The artist therefore explores the different methods of painting \u2013 some more controlled than others \u2013 and allows these methods to serve as clues of the path he took towards the final product. Mr. Henri investigates the symbiosis between the formal process and the visual effects produced by more aleatory techniques.<\/p>\n","protected":false},"excerpt":{"rendered":"<p>BIOGRAPHY Inspired by the arts in all forms, Jean-Fran\u00e7ois Henri, bachelor of arts, is a multidisciplinary artist specializing in graphic design and visual arts. Originally from a small village in the heart of Lanaudi\u00e8re, he decided to settle in the Outaouais. There he began his studies in advertising and visual arts at the Universit\u00e9 du [&hellip;]<\/p>\n","protected":false},"author":1,"featured_media":0,"parent":0,"menu_order":0,"comment_status":"closed","ping_status":"closed","template":"","meta":{"_acf_changed":false,"_monsterinsights_skip_tracking":false,"_monsterinsights_sitenote_active":false,"_monsterinsights_sitenote_note":"","_monsterinsights_sitenote_category":0,"_genesis_hide_title":false,"_genesis_hide_breadcrumbs":false,"_genesis_hide_singular_image":false,"_genesis_hide_footer_widgets":false,"_genesis_custom_body_class":"","_genesis_custom_post_class":"","_genesis_layout":"","footnotes":""},"class_list":{"0":"post-267","1":"page","2":"type-page","3":"status-publish","5":"entry"},"acf":[],"yoast_head":"<!-- This site is optimized with the Yoast SEO plugin v27.5 - https:\/\/yoast.com\/product\/yoast-seo-wordpress\/ -->\n<title>Artist - Jean-Francois Henri | Artiste multidisciplinaire | Arts visuels | Gatineau<\/title>\n<meta name=\"description\" content=\"Inspired by the arts in all forms, Jean-Fran\u00e7ois Henri, is a multidisciplinary artist specializing in graphic design and visual arts.\" \/>\n<meta name=\"robots\" content=\"index, follow, max-snippet:-1, max-image-preview:large, max-video-preview:-1\" \/>\n<link rel=\"canonical\" href=\"https:\/\/jeanfrancoishenri.com\/en\/artist\/\" \/>\n<meta property=\"og:locale\" content=\"en_US\" \/>\n<meta property=\"og:type\" content=\"article\" \/>\n<meta property=\"og:title\" content=\"Artist - Jean-Francois Henri | Artiste multidisciplinaire | Arts visuels | Gatineau\" \/>\n<meta property=\"og:description\" content=\"Inspired by the arts in all forms, Jean-Fran\u00e7ois Henri, is a multidisciplinary artist specializing in graphic design and visual arts.\" \/>\n<meta property=\"og:url\" content=\"https:\/\/jeanfrancoishenri.com\/en\/artist\/\" \/>\n<meta property=\"og:site_name\" content=\"Jean-Francois Henri | Artiste multidisciplinaire | Arts visuels | Gatineau\" \/>\n<meta property=\"article:modified_time\" content=\"2020-10-05T18:21:12+00:00\" \/>\n<meta name=\"twitter:card\" content=\"summary_large_image\" \/>\n<meta name=\"twitter:label1\" content=\"Est. reading time\" \/>\n\t<meta name=\"twitter:data1\" content=\"1 minute\" \/>\n<script type=\"application\/ld+json\" class=\"yoast-schema-graph\">{\"@context\":\"https:\\\/\\\/schema.org\",\"@graph\":[{\"@type\":\"WebPage\",\"@id\":\"https:\\\/\\\/jeanfrancoishenri.com\\\/en\\\/artist\\\/\",\"url\":\"https:\\\/\\\/jeanfrancoishenri.com\\\/en\\\/artist\\\/\",\"name\":\"Artist - Jean-Francois Henri | Artiste multidisciplinaire | Arts visuels | Gatineau\",\"isPartOf\":{\"@id\":\"https:\\\/\\\/jeanfrancoishenri.com\\\/#website\"},\"datePublished\":\"2020-09-06T16:05:50+00:00\",\"dateModified\":\"2020-10-05T18:21:12+00:00\",\"description\":\"Inspired by the arts in all forms, Jean-Fran\u00e7ois Henri, is a multidisciplinary artist specializing in graphic design and visual arts.\",\"breadcrumb\":{\"@id\":\"https:\\\/\\\/jeanfrancoishenri.com\\\/en\\\/artist\\\/#breadcrumb\"},\"inLanguage\":\"en-US\",\"potentialAction\":[{\"@type\":\"ReadAction\",\"target\":[\"https:\\\/\\\/jeanfrancoishenri.com\\\/en\\\/artist\\\/\"]}]},{\"@type\":\"BreadcrumbList\",\"@id\":\"https:\\\/\\\/jeanfrancoishenri.com\\\/en\\\/artist\\\/#breadcrumb\",\"itemListElement\":[{\"@type\":\"ListItem\",\"position\":1,\"name\":\"Home\",\"item\":\"https:\\\/\\\/jeanfrancoishenri.com\\\/en\\\/\"},{\"@type\":\"ListItem\",\"position\":2,\"name\":\"Artist\"}]},{\"@type\":\"WebSite\",\"@id\":\"https:\\\/\\\/jeanfrancoishenri.com\\\/#website\",\"url\":\"https:\\\/\\\/jeanfrancoishenri.com\\\/\",\"name\":\"Jean-Francois Henri | Artiste multidisciplinaire | Arts visuels | Gatineau\",\"description\":\"Arts visuels | Peinture |\u00a0Graffiti | Boiseries\",\"publisher\":{\"@id\":\"https:\\\/\\\/jeanfrancoishenri.com\\\/#organization\"},\"potentialAction\":[{\"@type\":\"SearchAction\",\"target\":{\"@type\":\"EntryPoint\",\"urlTemplate\":\"https:\\\/\\\/jeanfrancoishenri.com\\\/?s={search_term_string}\"},\"query-input\":{\"@type\":\"PropertyValueSpecification\",\"valueRequired\":true,\"valueName\":\"search_term_string\"}}],\"inLanguage\":\"en-US\"},{\"@type\":\"Organization\",\"@id\":\"https:\\\/\\\/jeanfrancoishenri.com\\\/#organization\",\"name\":\"Jean-Francois Henri | Artiste multidisciplinaire | Arts visuels | Gatineau\",\"url\":\"https:\\\/\\\/jeanfrancoishenri.com\\\/\",\"logo\":{\"@type\":\"ImageObject\",\"inLanguage\":\"en-US\",\"@id\":\"https:\\\/\\\/jeanfrancoishenri.com\\\/#\\\/schema\\\/logo\\\/image\\\/\",\"url\":\"https:\\\/\\\/jeanfrancoishenri.com\\\/wp-content\\\/uploads\\\/2020\\\/09\\\/logo.svg\",\"contentUrl\":\"https:\\\/\\\/jeanfrancoishenri.com\\\/wp-content\\\/uploads\\\/2020\\\/09\\\/logo.svg\",\"caption\":\"Jean-Francois Henri | Artiste multidisciplinaire | Arts visuels | Gatineau\"},\"image\":{\"@id\":\"https:\\\/\\\/jeanfrancoishenri.com\\\/#\\\/schema\\\/logo\\\/image\\\/\"}}]}<\/script>\n<!-- \/ Yoast SEO plugin. -->","yoast_head_json":{"title":"Artist - Jean-Francois Henri | Artiste multidisciplinaire | Arts visuels | Gatineau","description":"Inspired by the arts in all forms, Jean-Fran\u00e7ois Henri, is a multidisciplinary artist specializing in graphic design and visual arts.","robots":{"index":"index","follow":"follow","max-snippet":"max-snippet:-1","max-image-preview":"max-image-preview:large","max-video-preview":"max-video-preview:-1"},"canonical":"https:\/\/jeanfrancoishenri.com\/en\/artist\/","og_locale":"en_US","og_type":"article","og_title":"Artist - Jean-Francois Henri | Artiste multidisciplinaire | Arts visuels | Gatineau","og_description":"Inspired by the arts in all forms, Jean-Fran\u00e7ois Henri, is a multidisciplinary artist specializing in graphic design and visual arts.","og_url":"https:\/\/jeanfrancoishenri.com\/en\/artist\/","og_site_name":"Jean-Francois Henri | Artiste multidisciplinaire | Arts visuels | Gatineau","article_modified_time":"2020-10-05T18:21:12+00:00","twitter_card":"summary_large_image","twitter_misc":{"Est. reading time":"1 minute"},"schema":{"@context":"https:\/\/schema.org","@graph":[{"@type":"WebPage","@id":"https:\/\/jeanfrancoishenri.com\/en\/artist\/","url":"https:\/\/jeanfrancoishenri.com\/en\/artist\/","name":"Artist - Jean-Francois Henri | Artiste multidisciplinaire | Arts visuels | Gatineau","isPartOf":{"@id":"https:\/\/jeanfrancoishenri.com\/#website"},"datePublished":"2020-09-06T16:05:50+00:00","dateModified":"2020-10-05T18:21:12+00:00","description":"Inspired by the arts in all forms, Jean-Fran\u00e7ois Henri, is a multidisciplinary artist specializing in graphic design and visual arts.","breadcrumb":{"@id":"https:\/\/jeanfrancoishenri.com\/en\/artist\/#breadcrumb"},"inLanguage":"en-US","potentialAction":[{"@type":"ReadAction","target":["https:\/\/jeanfrancoishenri.com\/en\/artist\/"]}]},{"@type":"BreadcrumbList","@id":"https:\/\/jeanfrancoishenri.com\/en\/artist\/#breadcrumb","itemListElement":[{"@type":"ListItem","position":1,"name":"Home","item":"https:\/\/jeanfrancoishenri.com\/en\/"},{"@type":"ListItem","position":2,"name":"Artist"}]},{"@type":"WebSite","@id":"https:\/\/jeanfrancoishenri.com\/#website","url":"https:\/\/jeanfrancoishenri.com\/","name":"Jean-Francois Henri | Artiste multidisciplinaire | Arts visuels | Gatineau","description":"Arts visuels | Peinture |\u00a0Graffiti | Boiseries","publisher":{"@id":"https:\/\/jeanfrancoishenri.com\/#organization"},"potentialAction":[{"@type":"SearchAction","target":{"@type":"EntryPoint","urlTemplate":"https:\/\/jeanfrancoishenri.com\/?s={search_term_string}"},"query-input":{"@type":"PropertyValueSpecification","valueRequired":true,"valueName":"search_term_string"}}],"inLanguage":"en-US"},{"@type":"Organization","@id":"https:\/\/jeanfrancoishenri.com\/#organization","name":"Jean-Francois Henri | Artiste multidisciplinaire | Arts visuels | Gatineau","url":"https:\/\/jeanfrancoishenri.com\/","logo":{"@type":"ImageObject","inLanguage":"en-US","@id":"https:\/\/jeanfrancoishenri.com\/#\/schema\/logo\/image\/","url":"https:\/\/jeanfrancoishenri.com\/wp-content\/uploads\/2020\/09\/logo.svg","contentUrl":"https:\/\/jeanfrancoishenri.com\/wp-content\/uploads\/2020\/09\/logo.svg","caption":"Jean-Francois Henri | Artiste multidisciplinaire | Arts visuels | Gatineau"},"image":{"@id":"https:\/\/jeanfrancoishenri.com\/#\/schema\/logo\/image\/"}}]}},"_links":{"self":[{"href":"https:\/\/jeanfrancoishenri.com\/en\/wp-json\/wp\/v2\/pages\/267","targetHints":{"allow":["GET"]}}],"collection":[{"href":"https:\/\/jeanfrancoishenri.com\/en\/wp-json\/wp\/v2\/pages"}],"about":[{"href":"https:\/\/jeanfrancoishenri.com\/en\/wp-json\/wp\/v2\/types\/page"}],"author":[{"embeddable":true,"href":"https:\/\/jeanfrancoishenri.com\/en\/wp-json\/wp\/v2\/users\/1"}],"replies":[{"embeddable":true,"href":"https:\/\/jeanfrancoishenri.com\/en\/wp-json\/wp\/v2\/comments?post=267"}],"version-history":[{"count":0,"href":"https:\/\/jeanfrancoishenri.com\/en\/wp-json\/wp\/v2\/pages\/267\/revisions"}],"wp:attachment":[{"href":"https:\/\/jeanfrancoishenri.com\/en\/wp-json\/wp\/v2\/media?parent=267"}],"curies":[{"name":"wp","href":"https:\/\/api.w.org\/{rel}","templated":true}]}}